{"id":785,"date":"2021-04-21T18:24:40","date_gmt":"2021-04-21T16:24:40","guid":{"rendered":"http:\/\/profile.aluweld.pl\/?post_type=product&#038;p=785"},"modified":"2023-12-12T15:18:59","modified_gmt":"2023-12-12T14:18:59","slug":"katownik-aluminiowy-20x20x1-5","status":"publish","type":"product","link":"http:\/\/profile.aluweld.pl\/?product=katownik-aluminiowy-20x20x1-5","title":{"rendered":"K\u0105townik aluminiowy 20x20x1.5"},"content":{"rendered":"<p>K\u0105townik r\u00f3wnoramienny<\/p>\n<p>A \u2013 20 mm<\/p>\n<p>S \u2013 1.5 mm<\/p>\n<p>Gatunek aluminium Pa 38<\/p>\n","protected":false},"excerpt":{"rendered":"<p>K\u0105townik r\u00f3wnoramienny A \u2013 20 mm S \u2013 1.5 mm Gatunek aluminium Pa 38<\/p>\n","protected":false},"featured_media":244,"template":"","meta":[],"product_brand":[],"product_cat":[34],"product_tag":[],"class_list":{"0":"post-785","1":"product","2":"type-product","3":"status-publish","4":"has-post-thumbnail","6":"product_cat-katowniki-rownorammiene","8":"first","9":"instock","10":"taxable","11":"shipping-taxable","12":"purchasable","13":"product-type-variable","14":"has-default-attributes"},"jetpack_sharing_enabled":true,"_links":{"self":[{"href":"http:\/\/profile.aluweld.pl\/index.php?rest_route=\/wp\/v2\/product\/785","targetHints":{"allow":["GET"]}}],"collection":[{"href":"http:\/\/profile.aluweld.pl\/index.php?rest_route=\/wp\/v2\/product"}],"about":[{"href":"http:\/\/profile.aluweld.pl\/index.php?rest_route=\/wp\/v2\/types\/product"}],"wp:featuredmedia":[{"embeddable":true,"href":"http:\/\/profile.aluweld.pl\/index.php?rest_route=\/wp\/v2\/media\/244"}],"wp:attachment":[{"href":"http:\/\/profile.aluweld.pl\/index.php?rest_route=%2Fwp%2Fv2%2Fmedia&parent=785"}],"wp:term":[{"taxonomy":"product_brand","embeddable":true,"href":"http:\/\/profile.aluweld.pl\/index.php?rest_route=%2Fwp%2Fv2%2Fproduct_brand&post=785"},{"taxonomy":"product_cat","embeddable":true,"href":"http:\/\/profile.aluweld.pl\/index.php?rest_route=%2Fwp%2Fv2%2Fproduct_cat&post=785"},{"taxonomy":"product_tag","embeddable":true,"href":"http:\/\/profile.aluweld.pl\/index.php?rest_route=%2Fwp%2Fv2%2Fproduct_tag&post=785"}],"curies":[{"name":"wp","href":"https:\/\/api.w.org\/{rel}","templated":true}]}}