{"id":1139,"date":"2021-04-26T18:50:38","date_gmt":"2021-04-26T16:50:38","guid":{"rendered":"http:\/\/profile.aluweld.pl\/?post_type=product&#038;p=1139"},"modified":"2023-12-12T15:20:18","modified_gmt":"2023-12-12T14:20:18","slug":"katownik-aluminiowy-60x40x2","status":"publish","type":"product","link":"http:\/\/profile.aluweld.pl\/?product=katownik-aluminiowy-60x40x2","title":{"rendered":"K\u0105townik aluminiowy 60x40x2"},"content":{"rendered":"<p>K\u0105townik r\u00f3wnoramienny<\/p>\n<p>A &#8211; 60 mm<\/p>\n<p>B &#8211; 40 mm<\/p>\n<p>S &#8211; 2<\/p>\n<p>Gatunek aluminium Pa 38<\/p>\n","protected":false},"excerpt":{"rendered":"<p>K\u0105townik r\u00f3wnoramienny A &#8211; 60 mm B &#8211; 40 mm S &#8211; 2 Gatunek aluminium Pa 38<\/p>\n","protected":false},"featured_media":245,"template":"","meta":[],"product_brand":[],"product_cat":[35],"product_tag":[],"class_list":{"0":"post-1139","1":"product","2":"type-product","3":"status-publish","4":"has-post-thumbnail","6":"product_cat-katowniki-nierownoramienne","8":"first","9":"instock","10":"taxable","11":"shipping-taxable","12":"purchasable","13":"product-type-variable","14":"has-default-attributes"},"jetpack_sharing_enabled":true,"_links":{"self":[{"href":"http:\/\/profile.aluweld.pl\/index.php?rest_route=\/wp\/v2\/product\/1139","targetHints":{"allow":["GET"]}}],"collection":[{"href":"http:\/\/profile.aluweld.pl\/index.php?rest_route=\/wp\/v2\/product"}],"about":[{"href":"http:\/\/profile.aluweld.pl\/index.php?rest_route=\/wp\/v2\/types\/product"}],"wp:featuredmedia":[{"embeddable":true,"href":"http:\/\/profile.aluweld.pl\/index.php?rest_route=\/wp\/v2\/media\/245"}],"wp:attachment":[{"href":"http:\/\/profile.aluweld.pl\/index.php?rest_route=%2Fwp%2Fv2%2Fmedia&parent=1139"}],"wp:term":[{"taxonomy":"product_brand","embeddable":true,"href":"http:\/\/profile.aluweld.pl\/index.php?rest_route=%2Fwp%2Fv2%2Fproduct_brand&post=1139"},{"taxonomy":"product_cat","embeddable":true,"href":"http:\/\/profile.aluweld.pl\/index.php?rest_route=%2Fwp%2Fv2%2Fproduct_cat&post=1139"},{"taxonomy":"product_tag","embeddable":true,"href":"http:\/\/profile.aluweld.pl\/index.php?rest_route=%2Fwp%2Fv2%2Fproduct_tag&post=1139"}],"curies":[{"name":"wp","href":"https:\/\/api.w.org\/{rel}","templated":true}]}}